{"id":4547,"date":"2015-06-29T08:48:23","date_gmt":"2015-06-29T08:48:23","guid":{"rendered":"http:\/\/wedesignthemes.com\/themes\/testdata\/?page_id=4547"},"modified":"2020-10-08T17:59:11","modified_gmt":"2020-10-08T17:59:11","slug":"contact-info","status":"publish","type":"page","link":"https:\/\/larssalvador.com\/bkp2\/shortcodes\/contact-info\/","title":{"rendered":"Contactos"},"content":{"rendered":"<p>[vc_row][vc_column width=&#8221;1\/3&#8243;]<div class='dt-sc-small-separator '><\/div><h5>CONTACTOS<\/h5><div class='dt-sc-contact-info  '><span class='pe-icon pe-call'> <\/span><strong>Geral:<\/strong> +351 253 320 151<br><strong>Dire\u00e7\u00e3o T\u00e9cnica:<\/strong> +351 926 727 290<br><strong>Ger\u00eancia:<\/strong> +351 926 727 216<\/div><div class='dt-sc-hr-invisible-xsmall '> <\/div><div class='dt-sc-single-line-dashed-separator '><\/div><div class='dt-sc-contact-info  '><span class='pe-icon pe-mail'> <\/span><a title=\"\" href=\"#\"> geral@larssalvador.com\u00a0<\/a><\/div><div class='dt-sc-single-line-dashed-separator '><\/div><div class='dt-sc-contact-info  '><span class='pe-icon pe-map-marker'> <\/span>Rua S\u00e3o Salvador, n\u00ba 10 <br><\/p>\n<p>4730 &#8211; 062 Vila Verde e Barbudo <br><\/p>\n<p>Portugal<\/p>\n<div id=\"gtx-trans\" style=\"position: absolute; left: -59px; top: -17px;\">\n<div class=\"gtx-trans-icon\"><\/div>\n<\/div><\/div><div class='dt-sc-single-line-dashed-separator '><\/div><div class='dt-sc-contact-info  '><span class='fa fa-facebook-official'> <\/span>Lar S. Salvador VVD<\/p>\n<div id=\"gtx-trans\" style=\"position: absolute; left: -77px; top: -17px;\">\n<div class=\"gtx-trans-icon\"><\/div>\n<\/div><\/div><div class='dt-sc-single-line-dashed-separator '><\/div>[\/vc_column][vc_column width=&#8221;2\/3&#8243;]<div id=\"responsive_map-1395914676\" class=\"responsive-map\" style=\"height:500px;width:100%;\"><\/div>\t\t<script type=\"text\/javascript\">\r\n\t\t\tjQuery(document).ready(function($){\r\n\r\n\t\t\t\tvar mapdiv = jQuery(\"#responsive_map-1395914676\");\r\n\t\t\t\tmapdiv.gMap({\r\n\t\t\t\t\tmaptype: google.maps.MapTypeId.ROADMAP,\r\n\t\t\t\t\tzoom: 14,\r\n\t\t\t\t\tlatitude: null,\r\n\t\t\t\t\tlongitude: null,\r\n\t\t\t\t\tstreetViewControl:true,\r\n\t\t\t\t\tmapTypeControl:true,\r\n\t\t\t\t\tzoomControl:true,\r\n\t\t\t\t\tscaleControl:true,\r\n\t\t\t\t\tscrollwheel:false,\r\n\t\t\t\t\tdraggable:true,\r\n\t\t\t\t\tstyles:[{ \"stylers\": [{\"hue\": \"#c69f73\" } ] } ],\r\n\t\t\t\t\tmarkers: [{flat: true,key:\"1\",latitude:\"11.026829\",longitude:\"76.995931\",icon: { image:\"https:\/\/larssalvador.com\/bkp2\/wp-content\/plugins\/designthemes-core-features\/shortcodes\/images\/markers\/custom\" },},{flat: true,key:\"2\",latitude:\"11.033151\",longitude:\"77.027660\",icon: { image:\"https:\/\/larssalvador.com\/bkp2\/wp-content\/plugins\/designthemes-core-features\/shortcodes\/images\/markers\/custom\" },},{flat: true,key:\"3\",latitude:\"11.025387\",longitude:\"77.015169\",icon: { image:\"https:\/\/larssalvador.com\/bkp2\/wp-content\/plugins\/designthemes-core-features\/shortcodes\/images\/markers\/custom\" },}],\r\n\t\t\t\t\tpanControl: true,\r\n\t\t\t\t\toverviewMapControl:true,\r\n\t\t\t\t});\r\n\t\t\t});\r\n\t\t<\/script><div class=\"ult-spacer spacer-69fb38d87fcb5\" data-id=\"69fb38d87fcb5\" data-height=\"10\" data-height-mobile=\"30\" data-height-tab=\"\" data-height-tab-portrait=\"\" data-height-mobile-landscape=\"30\" style=\"clear:both;display:block;\"><\/div>[\/vc_column][\/vc_row][vc_row][vc_column][vc_empty_space][vc_separator border_width=&#8221;2&#8243;]<div role=\"form\" class=\"wpcf7\" id=\"wpcf7-f8883-o1\" lang=\"en-US\" dir=\"ltr\">\n<div class=\"screen-reader-response\" role=\"alert\" aria-live=\"polite\"><\/div>\n<form action=\"\/bkp2\/wp-json\/wp\/v2\/pages\/4547#wpcf7-f8883-o1\" method=\"post\" class=\"wpcf7-form init\" novalidate=\"novalidate\">\n<div style=\"display: none;\">\n<input type=\"hidden\" name=\"_wpcf7\" value=\"8883\" \/>\n<input type=\"hidden\" name=\"_wpcf7_version\" value=\"5.2.2\" \/>\n<input type=\"hidden\" name=\"_wpcf7_locale\" value=\"en_US\" \/>\n<input type=\"hidden\" name=\"_wpcf7_unit_tag\" value=\"wpcf7-f8883-o1\" \/>\n<input type=\"hidden\" name=\"_wpcf7_container_post\" value=\"0\" \/>\n<input type=\"hidden\" name=\"_wpcf7_posted_data_hash\" value=\"\" \/>\n<\/div>\n<p>[vc_row][vc_column width=\"1\/2\"]<span class=\"wpcf7-form-control-wrap text-538\"><input type=\"text\" name=\"text-538\" value=\"\" size=\"40\" class=\"wpcf7-form-control wpcf7-text wpcf7-validates-as-required\" aria-required=\"true\" aria-invalid=\"false\" placeholder=\"Nome\" \/><\/span>[\/vc_column][vc_column width=\"1\/2\"]<span class=\"wpcf7-form-control-wrap text-538\"><input type=\"text\" name=\"text-538\" value=\"\" size=\"40\" class=\"wpcf7-form-control wpcf7-text wpcf7-validates-as-required\" aria-required=\"true\" aria-invalid=\"false\" placeholder=\"Apelido\" \/><\/span>[\/vc_column][vc_empty_space height=\"30px\"]<div class='dt-sc-clear '> <\/div>[vc_column width=\"1\/2\"]<span class=\"wpcf7-form-control-wrap email-259\"><input type=\"email\" name=\"email-259\" value=\"\" size=\"40\" class=\"wpcf7-form-control wpcf7-text wpcf7-email wpcf7-validates-as-required wpcf7-validates-as-email\" aria-required=\"true\" aria-invalid=\"false\" placeholder=\"Email\" \/><\/span>[\/vc_column][vc_column\" width=\"1\/2\"]<span class=\"wpcf7-form-control-wrap tel-828\"><input type=\"tel\" name=\"tel-828\" value=\"\" size=\"40\" class=\"wpcf7-form-control wpcf7-text wpcf7-tel wpcf7-validates-as-tel\" aria-invalid=\"false\" placeholder=\"Telefone\/Telem\u00f3vel\" \/><\/span>[\/vc_column][vc_empty_space height=\"30px\"]<div class='dt-sc-clear '> <\/div>[vc_column]<span class=\"wpcf7-form-control-wrap textarea-657\"><textarea name=\"textarea-657\" cols=\"40\" rows=\"10\" class=\"wpcf7-form-control wpcf7-textarea\" aria-invalid=\"false\" placeholder=\"Mensagem\"><\/textarea><\/span>[vc_empty_space height=\"30px\"]<input type=\"submit\" value=\"Enviar mensagem\" class=\"wpcf7-form-control wpcf7-submit\" \/>[\/vc_column][\/vc_row]<\/p>\n<div class=\"wpcf7-response-output\" role=\"alert\" aria-hidden=\"true\"><\/div><\/form><\/div>[\/vc_column][\/vc_row]<\/p>\n","protected":false},"excerpt":{"rendered":"<p>[vc_row][vc_column width=&#8221;1\/3&#8243;][\/vc_column][vc_column width=&#8221;2\/3&#8243;][\/vc_column][\/vc_row][vc_row][vc_column][vc_empty_space][vc_separator border_width=&#8221;2&#8243;][\/vc_column][\/vc_row]<\/p>\n","protected":false},"author":1,"featured_media":0,"parent":4525,"menu_order":0,"comment_status":"open","ping_status":"open","template":"","meta":[],"_links":{"self":[{"href":"https:\/\/larssalvador.com\/bkp2\/wp-json\/wp\/v2\/pages\/4547"}],"collection":[{"href":"https:\/\/larssalvador.com\/bkp2\/wp-json\/wp\/v2\/pages"}],"about":[{"href":"https:\/\/larssalvador.com\/bkp2\/wp-json\/wp\/v2\/types\/page"}],"author":[{"embeddable":true,"href":"https:\/\/larssalvador.com\/bkp2\/wp-json\/wp\/v2\/users\/1"}],"replies":[{"embeddable":true,"href":"https:\/\/larssalvador.com\/bkp2\/wp-json\/wp\/v2\/comments?post=4547"}],"version-history":[{"count":8,"href":"https:\/\/larssalvador.com\/bkp2\/wp-json\/wp\/v2\/pages\/4547\/revisions"}],"predecessor-version":[{"id":8885,"href":"https:\/\/larssalvador.com\/bkp2\/wp-json\/wp\/v2\/pages\/4547\/revisions\/8885"}],"up":[{"embeddable":true,"href":"https:\/\/larssalvador.com\/bkp2\/wp-json\/wp\/v2\/pages\/4525"}],"wp:attachment":[{"href":"https:\/\/larssalvador.com\/bkp2\/wp-json\/wp\/v2\/media?parent=4547"}],"curies":[{"name":"wp","href":"https:\/\/api.w.org\/{rel}","templated":true}]}}