{"id":6,"date":"2017-07-12T10:36:37","date_gmt":"2017-07-12T10:36:37","guid":{"rendered":"https:\/\/larssalvador.com\/bkp2\/?page_id=6"},"modified":"2020-10-08T14:51:10","modified_gmt":"2020-10-08T14:51:10","slug":"home","status":"publish","type":"page","link":"https:\/\/larssalvador.com\/bkp2\/","title":{"rendered":"Home"},"content":{"rendered":"<p>[vc_row full_width=&#8221;stretch_row&#8221;][vc_column]<div class=\"ult-spacer spacer-69fb2b27ceff3\" data-id=\"69fb2b27ceff3\" data-height=\"30\" data-height-mobile=\"30\" data-height-tab=\"30\" data-height-tab-portrait=\"\" data-height-mobile-landscape=\"\" style=\"clear:both;display:block;\"><\/div><div class='dt-sc-title script-with-sub-title aligncenter'><h6>Bem vindo ao Lar S. Salvador Sa\u00fade<\/h6><h2>O Lar onde se sente em <strong>Casa<\/strong><\/h2><\/div>[vc_column_text el_class=&#8221;aligncenter dt-sc-title script-with-sub-title&#8221;]MARQUE UMA VISITA E VENHA CONHECER AS NOSSAS INSTALA\u00c7\u00d5ES<\/p>\n<p>[\/vc_column_text]<div class=\"ult-spacer spacer-69fb2b27cf030\" data-id=\"69fb2b27cf030\" data-height=\"120\" data-height-mobile=\"80\" data-height-tab=\"100\" data-height-tab-portrait=\"100\" data-height-mobile-landscape=\"80\" style=\"clear:both;display:block;\"><\/div>[vc_separator border_width=&#8221;2&#8243;]<div class='dt-sc-title script-with-sub-title aligncenter'><h2><\/h2><h3>Conhe\u00e7a os nossos servi\u00e7os<\/h3><\/div>[vc_column_text]<\/p>\n<p style=\"text-align: center;\">Um conjunto de servi\u00e7os de qualidade que garantem o bem-estar, o conforto, a tranquilidade e a seguran\u00e7a que todos os residentes desfrutam.<\/p>\n<p>[\/vc_column_text][vc_row_inner][vc_column_inner width=&#8221;1\/4&#8243;]<div class='dt-sc-icon-box type7 no-icon-bg'><div class=\"icon-wrapper\"><img width=\"71\" height=\"67\" src=\"https:\/\/larssalvador.com\/bkp2\/wp-content\/uploads\/2017\/07\/icon-1.png\" class=\"attachment-full\" alt=\"icon-1\" loading=\"lazy\" \/><\/div><div class=\"icon-content\"><h4>Cuidados M\u00e9dicos<br \/>\ne de Enfermagem<\/h4><p><\/p><\/div><\/div><div class=\"ult-spacer spacer-69fb2b27cf386\" data-id=\"69fb2b27cf386\" data-height=\"60\" data-height-mobile=\"60\" data-height-tab=\"60\" data-height-tab-portrait=\"\" data-height-mobile-landscape=\"\" style=\"clear:both;display:block;\"><\/div><div class='dt-sc-icon-box type7 no-icon-bg'><div class=\"icon-wrapper\"><img width=\"71\" height=\"67\" src=\"https:\/\/larssalvador.com\/bkp2\/wp-content\/uploads\/2017\/07\/icon-4.png\" class=\"attachment-full\" alt=\"icon-4\" loading=\"lazy\" \/><\/div><div class=\"icon-content\"><h4>Desinfe\u00e7\u00e3o e Limpeza das instala\u00e7\u00f5es<\/h4><p><\/p><\/div><\/div><div class='dt-sc-icon-box type7 '><div class=\"icon-wrapper\"><img width=\"71\" height=\"67\" src=\"https:\/\/larssalvador.com\/bkp2\/wp-content\/uploads\/2017\/07\/icon-1.png\" class=\"attachment-full\" alt=\"icon-1\" loading=\"lazy\" \/><\/div><div class=\"icon-content\"><h4>Cuidados de Alimenta\u00e7\u00e3o e Nutri\u00e7\u00e3o<\/h4><p><\/p><\/div><\/div>[\/vc_column_inner][vc_column_inner width=&#8221;1\/4&#8243;]<div class='dt-sc-icon-box type7 no-icon-bg'><div class=\"icon-wrapper\"><img width=\"71\" height=\"67\" src=\"https:\/\/larssalvador.com\/bkp2\/wp-content\/uploads\/2017\/07\/icon-2.png\" class=\"attachment-full\" alt=\"icon-2\" loading=\"lazy\" \/><\/div><div class=\"icon-content\"><h4>Fisioterapia e Reabilita\u00e7\u00e3o<\/h4><p><\/p><\/div><\/div><div class=\"ult-spacer spacer-69fb2b27cf8d2\" data-id=\"69fb2b27cf8d2\" data-height=\"60\" data-height-mobile=\"60\" data-height-tab=\"60\" data-height-tab-portrait=\"\" data-height-mobile-landscape=\"\" style=\"clear:both;display:block;\"><\/div><div class='dt-sc-icon-box type7 '><div class=\"icon-wrapper\"><img width=\"71\" height=\"67\" src=\"https:\/\/larssalvador.com\/bkp2\/wp-content\/uploads\/2017\/07\/icon-1.png\" class=\"attachment-full\" alt=\"icon-1\" loading=\"lazy\" \/><\/div><div class=\"icon-content\"><h4>Anima\u00e7\u00e3o Social<br \/>\ne Cultural<\/h4><p><\/p><\/div><\/div><div class='dt-sc-icon-box type7 '><div class=\"icon-wrapper\"><img width=\"71\" height=\"67\" src=\"https:\/\/larssalvador.com\/bkp2\/wp-content\/uploads\/2017\/07\/icon-1.png\" class=\"attachment-full\" alt=\"icon-1\" loading=\"lazy\" \/><\/div><div class=\"icon-content\"><h4>Cuidados Geri\u00e1tricose de Higiene<\/h4><p><\/p><\/div><\/div>[\/vc_column_inner][vc_column_inner width=&#8221;1\/4&#8243;]<div class='dt-sc-icon-box type7 no-icon-bg'><div class=\"icon-wrapper\"><img width=\"71\" height=\"67\" src=\"https:\/\/larssalvador.com\/bkp2\/wp-content\/uploads\/2017\/07\/icon-3.png\" class=\"attachment-full\" alt=\"icon-3\" loading=\"lazy\" \/><\/div><div class=\"icon-content\"><h4>Terapia Snoezelen<\/h4><p><\/p><\/div><\/div><div class=\"ult-spacer spacer-69fb2b27cfc9f\" data-id=\"69fb2b27cfc9f\" data-height=\"60\" data-height-mobile=\"60\" data-height-tab=\"60\" data-height-tab-portrait=\"\" data-height-mobile-landscape=\"\" style=\"clear:both;display:block;\"><\/div><div class='dt-sc-icon-box type7 no-icon-bg'><div class=\"icon-wrapper\"><img width=\"71\" height=\"67\" src=\"https:\/\/larssalvador.com\/bkp2\/wp-content\/uploads\/2017\/07\/icon-6.png\" class=\"attachment-full\" alt=\"icon-6\" loading=\"lazy\" \/><\/div><div class=\"icon-content\"><h4>Acompanhamento<br \/>\nao exterior<\/h4><p><\/p><\/div><\/div><div class='dt-sc-icon-box type7 '><div class=\"icon-wrapper\"><img width=\"71\" height=\"67\" src=\"https:\/\/larssalvador.com\/bkp2\/wp-content\/uploads\/2017\/07\/icon-1.png\" class=\"attachment-full\" alt=\"icon-1\" loading=\"lazy\" \/><\/div><div class=\"icon-content\"><h4>Gest\u00e3o da Terap\u00eautica medicamentosa<\/h4><p><\/p><\/div><\/div>[\/vc_column_inner][vc_column_inner width=&#8221;1\/4&#8243;]<div class='dt-sc-icon-box type7 '><div class=\"icon-wrapper\"><img width=\"71\" height=\"67\" src=\"https:\/\/larssalvador.com\/bkp2\/wp-content\/uploads\/2017\/07\/icon-1.png\" class=\"attachment-full\" alt=\"icon-1\" loading=\"lazy\" \/><\/div><div class=\"icon-content\"><h4>Apoio psicossocial<\/h4><p><\/p><\/div><\/div><div class='dt-sc-icon-box type7 '><div class=\"icon-wrapper\"><img width=\"71\" height=\"67\" src=\"https:\/\/larssalvador.com\/bkp2\/wp-content\/uploads\/2017\/07\/icon-1.png\" class=\"attachment-full\" alt=\"icon-1\" loading=\"lazy\" \/><\/div><div class=\"icon-content\"><h4>Tratamento de Roupa pessoal e de camas<\/h4><p><\/p><\/div><\/div><div class='dt-sc-icon-box type7 '><div class=\"icon-wrapper\"><img width=\"71\" height=\"67\" src=\"https:\/\/larssalvador.com\/bkp2\/wp-content\/uploads\/2017\/07\/icon-1.png\" class=\"attachment-full\" alt=\"icon-1\" loading=\"lazy\" \/><\/div><div class=\"icon-content\"><h4>Visitas de fundo social e recreativo<\/h4><p><\/p><\/div><\/div>[\/vc_column_inner][\/vc_row_inner]<div class=\"ult-spacer spacer-69fb2b27d014d\" data-id=\"69fb2b27d014d\" data-height=\"80\" data-height-mobile=\"50\" data-height-tab=\"60\" data-height-tab-portrait=\"60\" data-height-mobile-landscape=\"50\" style=\"clear:both;display:block;\"><\/div>[\/vc_column][\/vc_row][vc_section][\/vc_section][vc_row][vc_column]<div class=\"ult-spacer spacer-69fb2b27d015f\" data-id=\"69fb2b27d015f\" data-height=\"80\" data-height-mobile=\"50\" data-height-tab=\"60\" data-height-tab-portrait=\"60\" data-height-mobile-landscape=\"50\" style=\"clear:both;display:block;\"><\/div>[vc_column_text]<\/p>\n<h2 style=\"text-align: center;\">&#8220;QUEM SABE SORRIR SABE VIVER&#8221;<\/h2>\n<p style=\"text-align: center;\">Com vista \u00e0 melhoria da qualidade de vida dos nossos utentes, dispomos de um hor\u00e1rio de visitas alargado, acompanhamento de anima\u00e7\u00e3o e recrea\u00e7\u00e3o,<br \/>\nabertura de atividades de cariz recreativo e de educa\u00e7\u00e3o\/anima\u00e7\u00e3o social a familiares bem como abertura\/recetividade<br \/>\ne subsequente ades\u00e3o a atividades de fundo comunit\u00e1rio e ao voluntariado social.[\/vc_column_text][\/vc_column][\/vc_row][vc_row][vc_column]<div class=\"ult-spacer spacer-69fb2b27d016d\" data-id=\"69fb2b27d016d\" data-height=\"100\" data-height-mobile=\"50\" data-height-tab=\"80\" data-height-tab-portrait=\"80\" data-height-mobile-landscape=\"50\" style=\"clear:both;display:block;\"><\/div>[\/vc_column][\/vc_row][vc_row full_width=&#8221;stretch_row&#8221;][vc_column]<div class=\"ult-spacer spacer-69fb2b27d0179\" data-id=\"69fb2b27d0179\" data-height=\"100\" data-height-mobile=\"50\" data-height-tab=\"80\" data-height-tab-portrait=\"80\" data-height-mobile-landscape=\"50\" style=\"clear:both;display:block;\"><\/div><div class='dt-sc-title script-with-sub-title aligncenter'><h6><\/h6><h3><strong>Equipa t\u00e9cnica<\/strong><\/h3><\/div><div class=\"ult-spacer spacer-69fb2b27d0192\" data-id=\"69fb2b27d0192\" data-height=\"50\" data-height-mobile=\"50\" data-height-tab=\"50\" data-height-tab-portrait=\"50\" data-height-mobile-landscape=\"50\" style=\"clear:both;display:block;\"><\/div>[vc_row_inner][vc_column_inner width=&#8221;1\/3&#8243;]<div class='dt-sc-team hide-social-show-on-hover rounded simple-rounded aligncenter'><div class='dt-sc-team-thumb'><img width=\"420\" height=\"420\" src=\"https:\/\/larssalvador.com\/bkp2\/wp-content\/uploads\/2015\/06\/team420-1.jpg\" class=\"attachment-full\" alt=\"\" loading=\"lazy\" srcset=\"https:\/\/larssalvador.com\/bkp2\/wp-content\/uploads\/2015\/06\/team420-1.jpg 420w, https:\/\/larssalvador.com\/bkp2\/wp-content\/uploads\/2015\/06\/team420-1-150x150.jpg 150w, https:\/\/larssalvador.com\/bkp2\/wp-content\/uploads\/2015\/06\/team420-1-300x300.jpg 300w\" sizes=\"(max-width: 420px) 100vw, 420px\" \/><\/div><div class='dt-sc-team-details'><h4>Carlos Alberto Saraiva Dias<\/h4><h5>Ger\u00eancia<\/h5><p>Lorem ipsum dolor sit amet, consectetur adipiscing elit. Morbi hendrerit elit turpis, a porttitor tellus sollicitudin at.<\/p><\/div><\/div>[\/vc_column_inner][vc_column_inner width=&#8221;1\/3&#8243;]<div class='dt-sc-team hide-social-show-on-hover rounded simple-rounded aligncenter'><div class='dt-sc-team-thumb'><img width=\"420\" height=\"420\" src=\"https:\/\/larssalvador.com\/bkp2\/wp-content\/uploads\/2015\/06\/team420-8.jpg\" class=\"attachment-full\" alt=\"\" loading=\"lazy\" srcset=\"https:\/\/larssalvador.com\/bkp2\/wp-content\/uploads\/2015\/06\/team420-8.jpg 420w, https:\/\/larssalvador.com\/bkp2\/wp-content\/uploads\/2015\/06\/team420-8-150x150.jpg 150w, https:\/\/larssalvador.com\/bkp2\/wp-content\/uploads\/2015\/06\/team420-8-300x300.jpg 300w\" sizes=\"(max-width: 420px) 100vw, 420px\" \/><\/div><div class='dt-sc-team-details'><h4>Dr\u00aa Raquel de Carvalho Bacelar<\/h4><h5>Dire\u00e7\u00e3o T\u00e9cnica<\/h5><p>Lorem ipsum dolor sit amet, consectetur adipiscing elit. Morbi hendrerit elit turpis, a porttitor tellus sollicitudin at.<\/p><\/div><\/div>[\/vc_column_inner][vc_column_inner width=&#8221;1\/3&#8243;]<div class='dt-sc-team hide-social-show-on-hover rounded simple-rounded aligncenter'><div class='dt-sc-team-thumb'><img width=\"420\" height=\"420\" src=\"https:\/\/larssalvador.com\/bkp2\/wp-content\/uploads\/2015\/06\/team420-2.jpg\" class=\"attachment-full\" alt=\"\" loading=\"lazy\" srcset=\"https:\/\/larssalvador.com\/bkp2\/wp-content\/uploads\/2015\/06\/team420-2.jpg 420w, https:\/\/larssalvador.com\/bkp2\/wp-content\/uploads\/2015\/06\/team420-2-150x150.jpg 150w, https:\/\/larssalvador.com\/bkp2\/wp-content\/uploads\/2015\/06\/team420-2-300x300.jpg 300w\" sizes=\"(max-width: 420px) 100vw, 420px\" \/><\/div><div class='dt-sc-team-details'><h4>Dr. Ra\u00fal Varaj\u00e3o Borges<\/h4><h5>Responsabilidade Cl\u00ednica<\/h5><p>Lorem ipsum dolor sit amet, consectetur adipiscing elit. Morbi hendrerit elit turpis, a porttitor tellus sollicitudin at.<\/p><\/div><\/div>[\/vc_column_inner][\/vc_row_inner]<div class=\"ult-spacer spacer-69fb2b27d09e7\" data-id=\"69fb2b27d09e7\" data-height=\"100\" data-height-mobile=\"50\" data-height-tab=\"80\" data-height-tab-portrait=\"80\" data-height-mobile-landscape=\"50\" style=\"clear:both;display:block;\"><\/div>[\/vc_column][\/vc_row]<\/p>\n","protected":false},"excerpt":{"rendered":"<p>[vc_row full_width=&#8221;stretch_row&#8221;][vc_column][vc_column_text el_class=&#8221;aligncenter dt-sc-title script-with-sub-title&#8221;]MARQUE UMA VISITA E VENHA CONHECER AS NOSSAS INSTALA\u00c7\u00d5ES [\/vc_column_text][vc_separator border_width=&#8221;2&#8243;][vc_column_text] Um conjunto de servi\u00e7os de qualidade que garantem o bem-estar, o conforto, a tranquilidade e a seguran\u00e7a que todos os residentes desfrutam. [\/vc_column_text][vc_row_inner][vc_column_inner width=&#8221;1\/4&#8243;][\/vc_column_inner][vc_column_inner width=&#8221;1\/4&#8243;][\/vc_column_inner][vc_column_inner width=&#8221;1\/4&#8243;][\/vc_column_inner][vc_column_inner width=&#8221;1\/4&#8243;][\/vc_column_inner][\/vc_row_inner][\/vc_column][\/vc_row][vc_section][\/vc_section][vc_row][vc_column][vc_column_text] &#8220;QUEM SABE SORRIR SABE VIVER&#8221; Com vista \u00e0 melhoria da qualidade de vida [&hellip;]<\/p>\n","protected":false},"author":1,"featured_media":0,"parent":0,"menu_order":0,"comment_status":"closed","ping_status":"closed","template":"","meta":[],"_links":{"self":[{"href":"https:\/\/larssalvador.com\/bkp2\/wp-json\/wp\/v2\/pages\/6"}],"collection":[{"href":"https:\/\/larssalvador.com\/bkp2\/wp-json\/wp\/v2\/pages"}],"about":[{"href":"https:\/\/larssalvador.com\/bkp2\/wp-json\/wp\/v2\/types\/page"}],"author":[{"embeddable":true,"href":"https:\/\/larssalvador.com\/bkp2\/wp-json\/wp\/v2\/users\/1"}],"replies":[{"embeddable":true,"href":"https:\/\/larssalvador.com\/bkp2\/wp-json\/wp\/v2\/comments?post=6"}],"version-history":[{"count":13,"href":"https:\/\/larssalvador.com\/bkp2\/wp-json\/wp\/v2\/pages\/6\/revisions"}],"predecessor-version":[{"id":8855,"href":"https:\/\/larssalvador.com\/bkp2\/wp-json\/wp\/v2\/pages\/6\/revisions\/8855"}],"wp:attachment":[{"href":"https:\/\/larssalvador.com\/bkp2\/wp-json\/wp\/v2\/media?parent=6"}],"curies":[{"name":"wp","href":"https:\/\/api.w.org\/{rel}","templated":true}]}}