{"id":7826,"date":"2017-07-19T07:57:41","date_gmt":"2017-07-19T07:57:41","guid":{"rendered":"https:\/\/larssalvador.com\/bkp2\/?page_id=7826"},"modified":"2020-10-08T18:00:57","modified_gmt":"2020-10-08T18:00:57","slug":"accommodation","status":"publish","type":"page","link":"https:\/\/larssalvador.com\/bkp2\/accommodation\/","title":{"rendered":"O Lar"},"content":{"rendered":"<p>[vc_row][vc_column][vc_column_text]O Lar S. Salvador entrou em funcionamento a 11 (onze) de junho do ano de 2012 com uma capacidade para acolher 30 (trinta) residentes, em regime tempor\u00c3\u00a1rio e\/ou permanente. Atualmente e face \u00e0 crescente procura, sofreu um alargamento para 36 (trinta e seis) camas. A institui\u00e7\u00e3o comporta essencialmente, residentes portadores de doen\u00e7as mentais do foro degenerativo. Possui duas alas, uma delas reservada a quartos <em>single<\/em> e outra reservada a quartos duplos, ambos com as mesmas caracter\u00edsticas de implanta\u00e7\u00e3o e de equipamentos: Oxig\u00e9nio, AVAC, Sistema de Dete\u00e7\u00e3o de Inc\u00eandios, Casa de Banho e Varanda Privativas, Plasma, Poltrona, Cama de Articula\u00e7\u00e3o Autom\u00e1tica, Mesa de Apoio e Roupeiro\/Arm\u00e1rio.<\/p>\n<p>Sediado na Uni\u00e3o de Freguesias de Vila Verde e Barbudo, dista cerca de 500 (quinhentos) metros do centro urbano e cerca de 10 (dez) quil\u00f3metros da cidade de Braga. Pr\u00f3ximos, ficam tamb\u00e9m, os concelhos de Amares, Barcelos e Ponte de Lima.[\/vc_column_text][\/vc_column][\/vc_row][vc_section][vc_row][vc_column width=&#8221;1\/3&#8243;]<div class='dt-sc-image-caption type3 '><div class='dt-sc-image-wrapper'><img width=\"600\" height=\"338\" src=\"https:\/\/larssalvador.com\/bkp2\/wp-content\/uploads\/2020\/10\/D2.jpg\" class=\"attachment-full\" alt=\"\" loading=\"lazy\" srcset=\"https:\/\/larssalvador.com\/bkp2\/wp-content\/uploads\/2020\/10\/D2.jpg 600w, https:\/\/larssalvador.com\/bkp2\/wp-content\/uploads\/2020\/10\/D2-300x169.jpg 300w\" sizes=\"(max-width: 600px) 100vw, 600px\" \/><div class='icon-wrapper'><span class='icon icon-heart'> <\/span><\/div><\/div><div class=\"dt-sc-image-content without-additional-content\"><div class='dt-sc-image-title'><h3>Miss\u00e3o<\/h3><\/div><p><p style=\"text-align: left;\">A miss\u00e3o do Lar S. Salvador \u00e9 a de melhorar a qualidade de vida dos nossos benefici\u00e1rios pela presta\u00e7\u00e3o de um leque de servi\u00e7os personalizados e permanentes, que visem manter o residente mais pr\u00f3ximo poss\u00edvel do seu meio natural, atrav\u00e9s do potenciamento de estrat\u00e9gias de vincula\u00e7\u00e3o social, afetiva e\/ou familiar: hor\u00e1rio de visitas alargado; acompanhamento de anima\u00e7\u00e3o e recrea\u00e7\u00e3o; abertura de atividades de cariz recreativo e de educa\u00e7\u00e3o\/anima\u00e7\u00e3o social a familiares; abertura\/recetividade ao exterior e subsequente ades\u00e3o a atividades de fundo comunit\u00e1rio; abertura\/recetividade ao voluntariado social.<\/p><\/p><\/div><\/div>[\/vc_column][vc_column width=&#8221;1\/3&#8243;]<div class='dt-sc-image-caption type3 '><div class='dt-sc-image-wrapper'><img width=\"600\" height=\"338\" src=\"https:\/\/larssalvador.com\/bkp2\/wp-content\/uploads\/2020\/10\/D3.jpg\" class=\"attachment-full\" alt=\"\" loading=\"lazy\" srcset=\"https:\/\/larssalvador.com\/bkp2\/wp-content\/uploads\/2020\/10\/D3.jpg 600w, https:\/\/larssalvador.com\/bkp2\/wp-content\/uploads\/2020\/10\/D3-300x169.jpg 300w\" sizes=\"(max-width: 600px) 100vw, 600px\" \/><div class='icon-wrapper'><span class='icon icon-compactcamera'> <\/span><\/div><\/div><div class=\"dt-sc-image-content without-additional-content\"><div class='dt-sc-image-title'><h3>Vis\u00e3o<\/h3><\/div><p><p style=\"text-align: left;\">Ser reconhecida como uma institui\u00e7\u00e3o de refer\u00eancia no acompanhamento biopsicossocial e reabilitativo de utentes, especialmente em portadores de doen\u00e7as mentais do foro degenerativo.<\/p>\n<p style=\"text-align: left;\">A institui\u00e7\u00e3o comporta uma elevada percentagem de utentes com doen\u00e7a mental do foro degenerativo e muitos t\u00eam sido os esfor\u00e7os feitos neste sentido; servi\u00e7o de fisioterapia e de reabilita\u00e7\u00e3o; implementa\u00e7\u00e3o de uma sala de Snoezelen para pessoas idosas demenciadas.<\/p><\/p><\/div><\/div>[\/vc_column][vc_column width=&#8221;1\/3&#8243;]<div class='dt-sc-image-caption type3 '><div class='dt-sc-image-wrapper'><img width=\"600\" height=\"338\" src=\"https:\/\/larssalvador.com\/bkp2\/wp-content\/uploads\/2020\/10\/D9.jpg\" class=\"attachment-full\" alt=\"\" loading=\"lazy\" srcset=\"https:\/\/larssalvador.com\/bkp2\/wp-content\/uploads\/2020\/10\/D9.jpg 600w, https:\/\/larssalvador.com\/bkp2\/wp-content\/uploads\/2020\/10\/D9-300x169.jpg 300w\" sizes=\"(max-width: 600px) 100vw, 600px\" \/><div class='icon-wrapper'><span class='icon icon-house'> <\/span><\/div><\/div><div class=\"dt-sc-image-content without-additional-content\"><div class='dt-sc-image-title'><h3>Valores<\/h3><\/div><p><p style=\"text-align: center;\">Estudo\/reflex\u00e3o sobre o processo de envelhecimento humano<\/p>\n<p>&nbsp;<\/p>\n<p style=\"text-align: center;\">Respeito pela senesc\u00eancia e pela doen\u00e7a mental degenerativa<\/p>\n<p>&nbsp;<\/p>\n<p style=\"text-align: center;\">Justi\u00e7a e igualdade de tratamento<\/p>\n<p>&nbsp;<\/p>\n<p style=\"text-align: center;\">Humaniza\u00e7\u00e3o e desenvolvimento pessoal e social de utentes e colaboradores<\/p>\n<p>&nbsp;<\/p>\n<p style=\"text-align: center;\">Profissionalismo e rigor dos nossos profissionais, numa perspetiva de melhoria cont\u00ednua<\/p><\/p><\/div><\/div>[\/vc_column][\/vc_row][\/vc_section][vc_section][vc_row][vc_column el_align=&#8221;center&#8221;]<div class=\"ult-content-box-container \" >\t\t<div class=\"ult-content-box\" style=\"-webkit-transition: all 700ms ease;-moz-transition: all 700ms ease;-ms-transition: all 700ms ease;-o-transition: all 700ms ease;transition: all 700ms ease;\"    ><a href='https:\/\/larssalvador.com\/bkp2\/shortcodes\/contact-info\/' target='_self' title='Contactos' class='dt-sc-button   medium   filled rounded-corner  ' > CONTACTE-NOS PARA MAIS INFORMA\u00c7\u00d5ES <\/a>\t\t<\/div><\/div>[\/vc_column][vc_column][\/vc_column][\/vc_row][\/vc_section]<\/p>\n","protected":false},"excerpt":{"rendered":"<p>[vc_row][vc_column][vc_column_text]O Lar S. Salvador entrou em funcionamento a 11 (onze) de junho do ano de 2012 com uma capacidade para acolher 30 (trinta) residentes, em regime tempor\u00c3\u00a1rio e\/ou permanente. Atualmente e face \u00e0 crescente procura, sofreu um alargamento para 36 (trinta e seis) camas. A institui\u00e7\u00e3o comporta essencialmente, residentes portadores de doen\u00e7as mentais do foro [&hellip;]<\/p>\n","protected":false},"author":1,"featured_media":0,"parent":0,"menu_order":0,"comment_status":"closed","ping_status":"closed","template":"","meta":[],"_links":{"self":[{"href":"https:\/\/larssalvador.com\/bkp2\/wp-json\/wp\/v2\/pages\/7826"}],"collection":[{"href":"https:\/\/larssalvador.com\/bkp2\/wp-json\/wp\/v2\/pages"}],"about":[{"href":"https:\/\/larssalvador.com\/bkp2\/wp-json\/wp\/v2\/types\/page"}],"author":[{"embeddable":true,"href":"https:\/\/larssalvador.com\/bkp2\/wp-json\/wp\/v2\/users\/1"}],"replies":[{"embeddable":true,"href":"https:\/\/larssalvador.com\/bkp2\/wp-json\/wp\/v2\/comments?post=7826"}],"version-history":[{"count":8,"href":"https:\/\/larssalvador.com\/bkp2\/wp-json\/wp\/v2\/pages\/7826\/revisions"}],"predecessor-version":[{"id":8886,"href":"https:\/\/larssalvador.com\/bkp2\/wp-json\/wp\/v2\/pages\/7826\/revisions\/8886"}],"wp:attachment":[{"href":"https:\/\/larssalvador.com\/bkp2\/wp-json\/wp\/v2\/media?parent=7826"}],"curies":[{"name":"wp","href":"https:\/\/api.w.org\/{rel}","templated":true}]}}