{"id":7922,"date":"2017-07-19T10:48:20","date_gmt":"2017-07-19T10:48:20","guid":{"rendered":"https:\/\/larssalvador.com\/bkp2\/?page_id=7922"},"modified":"2020-10-08T20:08:37","modified_gmt":"2020-10-08T20:08:37","slug":"career","status":"publish","type":"page","link":"https:\/\/larssalvador.com\/bkp2\/career\/","title":{"rendered":"Inscri\u00e7\u00e3o"},"content":{"rendered":"<p>[vc_row][vc_column]<div class=\"ult-spacer spacer-69fb38d938f35\" data-id=\"69fb38d938f35\" data-height=\"100\" data-height-mobile=\"30\" data-height-tab=\"60\" data-height-tab-portrait=\"60\" data-height-mobile-landscape=\"30\" style=\"clear:both;display:block;\"><\/div>[\/vc_column][\/vc_row][vc_row][vc_column width=&#8221;1\/2&#8243;]<\/p>\n<div class=\"caldera-grid\" id=\"caldera_form_1\" data-cf-ver=\"1.9.2\" data-cf-form-id=\"CF5f7f6d20b720f\"><div id=\"caldera_notices_1\" data-spinner=\"https:\/\/larssalvador.com\/bkp2\/wp-admin\/images\/spinner.gif\"><\/div><form data-instance=\"1\" class=\"CF5f7f6d20b720f caldera_forms_form cfajax-trigger\" method=\"POST\" enctype=\"multipart\/form-data\" id=\"CF5f7f6d20b720f_1\" data-form-id=\"CF5f7f6d20b720f\" aria-label=\"Inscricao_LarSSS\" data-target=\"#caldera_notices_1\" data-template=\"#cfajax_CF5f7f6d20b720f-tmpl\" data-cfajax=\"CF5f7f6d20b720f\" data-load-element=\"_parent\" data-load-class=\"cf_processing\" data-post-disable=\"0\" data-action=\"cf_process_ajax_submit\" data-request=\"https:\/\/larssalvador.com\/bkp2\/cf-api\/CF5f7f6d20b720f\" data-hiderows=\"true\">\r\n<input type=\"hidden\" id=\"_cf_verify_CF5f7f6d20b720f\" name=\"_cf_verify\" value=\"e6c3f05711\"  data-nonce-time=\"1778071769\" \/><input type=\"hidden\" name=\"_wp_http_referer\" value=\"\/bkp2\/wp-json\/wp\/v2\/pages\/7922\" \/><div id=\"cf2-CF5f7f6d20b720f_1\"><\/div><input type=\"hidden\" name=\"_cf_frm_id\" value=\"CF5f7f6d20b720f\">\r\n<input type=\"hidden\" name=\"_cf_frm_ct\" value=\"1\">\r\n<input type=\"hidden\" name=\"cfajax\" value=\"CF5f7f6d20b720f\">\r\n<input type=\"hidden\" name=\"_cf_cr_pst\" value=\"7922\">\r\n<div class=\"hide\" style=\"display:none; overflow:hidden;height:0;width:0;\">\r\n<label>Order Number<\/label><input type=\"text\" name=\"order_number\" value=\"\" autocomplete=\"off\">\r\n<\/div><div id=\"CF5f7f6d20b720f_1-row-1\"  class=\"row  first_row\"><div  class=\"col-sm-12  single\"><div data-field-wrapper=\"fld_2845152\" class=\"form-group\" id=\"fld_2845152_1-wrap\">\r\n\t<label id=\"fld_2845152Label\" for=\"fld_2845152_1\" class=\"control-label\">Nome <span aria-hidden=\"true\" role=\"presentation\" class=\"field_required\" style=\"color:#ee0000;\">*<\/span><\/label>\r\n\t<div class=\"\">\r\n\t\t<input   required type=\"text\" data-field=\"fld_2845152\" class=\" form-control\" id=\"fld_2845152_1\" name=\"fld_2845152\" value=\"\" data-type=\"text\" aria-required=\"true\"   aria-labelledby=\"fld_2845152Label\" >\t\t\t<\/div>\r\n<\/div>\r\n<div data-field-wrapper=\"fld_8305075\" class=\"form-group\" id=\"fld_8305075_1-wrap\">\r\n\t<label id=\"fld_8305075Label\" for=\"fld_8305075_1\" class=\"control-label\">Email<\/label>\r\n\t<div class=\"\">\r\n\t\t<input    type=\"email\" data-field=\"fld_8305075\" class=\" form-control\" id=\"fld_8305075_1\" name=\"fld_8305075\" value=\"\" data-type=\"email\"   aria-labelledby=\"fld_8305075Label\" >\t\t\t<\/div>\r\n<\/div>\r\n<div data-field-wrapper=\"fld_4999543\" class=\"form-group\" id=\"fld_4999543_1-wrap\">\r\n\t<label id=\"fld_4999543Label\" for=\"fld_4999543_1\" class=\"control-label\">Nacionalidade <span aria-hidden=\"true\" role=\"presentation\" class=\"field_required\" style=\"color:#ee0000;\">*<\/span><\/label>\r\n\t<div class=\"\">\r\n\t\t<input   required type=\"text\" data-field=\"fld_4999543\" class=\" form-control\" id=\"fld_4999543_1\" name=\"fld_4999543\" value=\"\" data-type=\"text\" aria-required=\"true\"   aria-labelledby=\"fld_4999543Label\" >\t\t\t<\/div>\r\n<\/div>\r\n<div data-field-wrapper=\"fld_6798801\" class=\"form-group\" id=\"fld_6798801_1-wrap\">\r\n\t<label id=\"fld_6798801Label\" for=\"fld_6798801_1\" class=\"control-label\">NIF <span aria-hidden=\"true\" role=\"presentation\" class=\"field_required\" style=\"color:#ee0000;\">*<\/span><\/label>\r\n\t<div class=\"\">\r\n\t\t<input   required type=\"text\" data-field=\"fld_6798801\" class=\" form-control\" id=\"fld_6798801_1\" name=\"fld_6798801\" value=\"\" data-type=\"text\" aria-required=\"true\"   aria-labelledby=\"fld_6798801Label\" >\t\t\t<\/div>\r\n<\/div>\r\n\n<div data-field-wrapper=\"fld_2132537\" class=\"form-group\" id=\"fld_2132537_1-wrap\">\r\n\t<label id=\"fld_2132537Label\" for=\"fld_2132537_1\" class=\"control-label\">Data de nascimento <span aria-hidden=\"true\" role=\"presentation\" class=\"field_required\" style=\"color:#ee0000;\">*<\/span><\/label>\r\n\t<div class=\"\">\r\n\t\t<input  type=\"text\" data-provide=\"cfdatepicker\" name=\"fld_2132537\" value=\"\" id=\"fld_2132537_1\" data-field=\"fld_2132537\" class=\"form-control cfdatepicker is-cfdatepicker\" data-date-format=\"yyyy-mm-dd\" required=\"1\" data-date-start-view=\"month\"   aria-labelledby=\"fld_2132537Label\" required  \/>\n\t\t\t<\/div>\r\n<\/div>\r\n<div data-field-wrapper=\"fld_9872971\" class=\"form-group\" id=\"fld_9872971_1-wrap\">\r\n\t<label id=\"fld_9872971Label\" for=\"fld_9872971_1\" class=\"control-label\">Morada completa <span aria-hidden=\"true\" role=\"presentation\" class=\"field_required\" style=\"color:#ee0000;\">*<\/span><\/label>\r\n\t<div class=\"\">\r\n\t\t<textarea name=\"fld_9872971\" value=\"\" data-field=\"fld_9872971\" class=\"form-control\" id=\"fld_9872971_1\" rows=\"4\"  required=\"required\"  aria-labelledby=\"fld_9872971Label\" ><\/textarea>\n\t\t\t<\/div>\r\n<\/div>\r\n<div data-field-wrapper=\"fld_7483853\" class=\"form-group\" id=\"fld_7483853_1-wrap\">\r\n\t<label id=\"fld_7483853Label\" for=\"fld_7483853_1\" class=\"control-label\">Telefone<\/label>\r\n\t<div class=\"\">\r\n\t\t<input  data-inputmask=\"'mask': '(999)999-9999'\"   type=\"phone\" data-field=\"fld_7483853\" class=\" form-control\" id=\"fld_7483853_1\" name=\"fld_7483853\" value=\"\" data-type=\"phone\"   aria-labelledby=\"fld_7483853Label\" >\t\t\t<\/div>\r\n<\/div>\r\n<div data-field-wrapper=\"fld_6682745\" class=\"form-group\" id=\"fld_6682745_1-wrap\">\r\n\t<label id=\"fld_6682745Label\" for=\"fld_6682745_1\" class=\"control-label\">Telem\u00f3vel <span aria-hidden=\"true\" role=\"presentation\" class=\"field_required\" style=\"color:#ee0000;\">*<\/span><\/label>\r\n\t<div class=\"\">\r\n\t\t<input  data-inputmask=\"'mask': '(999)999-9999'\"  required type=\"phone\" data-field=\"fld_6682745\" class=\" form-control\" id=\"fld_6682745_1\" name=\"fld_6682745\" value=\"\" data-type=\"phone\" aria-required=\"true\"   aria-labelledby=\"fld_6682745Label\" >\t\t\t<\/div>\r\n<\/div>\r\n<div data-field-wrapper=\"fld_7170730\" class=\"form-group\" id=\"fld_7170730_1-wrap\">\r\n\t<label id=\"fld_7170730Label\" for=\"fld_7170730_1\" class=\"control-label\">NISS <span aria-hidden=\"true\" role=\"presentation\" class=\"field_required\" style=\"color:#ee0000;\">*<\/span><\/label>\r\n\t<div class=\"\">\r\n\t\t<input  data-inputmask=\"'mask': '(999)999-9999'\"  required type=\"phone\" data-field=\"fld_7170730\" class=\" form-control\" id=\"fld_7170730_1\" name=\"fld_7170730\" value=\"\" data-type=\"phone\" aria-required=\"true\"   aria-labelledby=\"fld_7170730Label\" >\t\t\t<\/div>\r\n<\/div>\r\n<div data-field-wrapper=\"fld_1790431\" class=\"form-group\" id=\"fld_1790431_1-wrap\">\r\n\t<label id=\"fld_1790431Label\" for=\"fld_1790431_1\" class=\"control-label\">N\u00famero do SNS <span aria-hidden=\"true\" role=\"presentation\" class=\"field_required\" style=\"color:#ee0000;\">*<\/span><\/label>\r\n\t<div class=\"\">\r\n\t\t<input  data-inputmask=\"'mask': '(999)999-9999'\"  required type=\"phone\" data-field=\"fld_1790431\" class=\" form-control\" id=\"fld_1790431_1\" name=\"fld_1790431\" value=\"\" data-type=\"phone\" aria-required=\"true\"   aria-labelledby=\"fld_1790431Label\" >\t\t\t<\/div>\r\n<\/div>\r\n<\/div><\/div><div id=\"CF5f7f6d20b720f_1-row-2\"  class=\"row  last_row\"><div  class=\"col-sm-12  single\"><div class=\"\"><p>Depend\u00eancia do utente<\/p>\n<\/div><div data-field-wrapper=\"fld_505861\" class=\"form-group\" id=\"fld_505861_1-wrap\">\r\n\t<label id=\"fld_505861Label\" for=\"fld_505861_1\" class=\"control-label\">N\u00edvel de depend\u00eancia global do utente<\/label>\r\n\t<div class=\"\">\r\n\t\t\t\t\t\t\t\t\t\t\t<div class=\"checkbox\">\n\t\t\t\t\n                <label                         for=\"fld_505861_1_opt1766141\"\n                >\n                            <input\n                                                                type=\"checkbox\"\n                                data-label=\"Aut\u00f3nomo\"\n                                data-field=\"fld_505861\"\n                                id=\"fld_505861_1_opt1766141\"\n                                class=\"fld_505861_1\"\n                                name=\"fld_505861[opt1766141]\"\n                                value=\"Aut\u00f3nomo\"\n                                                                data-type=\"checkbox\"\n                                data-checkbox-field=\"fld_505861_1\"\n                                                                data-calc-value=\"Aut\u00f3nomo\"\n                            >\n                    Aut\u00f3nomo                <\/label>\n\n                \t\t\t\t\t<\/div>\n\t\t\t\t\t\t\t\t\t\t\t\t\t\t\t\t\t<div class=\"checkbox\">\n\t\t\t\t\n                <label                         for=\"fld_505861_1_opt1351614\"\n                >\n                            <input\n                                                                type=\"checkbox\"\n                                data-label=\"Necessita de apoios na vida quotidiana e aopio \u00e0 mobilidade\"\n                                data-field=\"fld_505861\"\n                                id=\"fld_505861_1_opt1351614\"\n                                class=\"fld_505861_1\"\n                                name=\"fld_505861[opt1351614]\"\n                                value=\"Necessita de apoios na vida quotidiana e aopio \u00e0 mobilidade\"\n                                                                data-type=\"checkbox\"\n                                data-checkbox-field=\"fld_505861_1\"\n                                                                data-calc-value=\"Necessita de apoios na vida quotidiana e aopio \u00e0 mobilidade\"\n                            >\n                    Necessita de apoios na vida quotidiana e aopio \u00e0 mobilidade                <\/label>\n\n                \t\t\t\t\t<\/div>\n\t\t\t\t\t\t\t\t\t\t\t\t\t\t\t\t\t<div class=\"checkbox\">\n\t\t\t\t\n                <label                         for=\"fld_505861_1_opt1276475\"\n                >\n                            <input\n                                                                type=\"checkbox\"\n                                data-label=\"Dependente para a satisfa\u00e7\u00e3o das necessidades b\u00e1sicas \"\n                                data-field=\"fld_505861\"\n                                id=\"fld_505861_1_opt1276475\"\n                                class=\"fld_505861_1\"\n                                name=\"fld_505861[opt1276475]\"\n                                value=\"Dependente para a satisfa\u00e7\u00e3o das necessidades b\u00e1sicas \"\n                                                                data-type=\"checkbox\"\n                                data-checkbox-field=\"fld_505861_1\"\n                                                                data-calc-value=\"Dependente para a satisfa\u00e7\u00e3o das necessidades b\u00e1sicas \"\n                            >\n                    Dependente para a satisfa\u00e7\u00e3o das necessidades b\u00e1sicas                 <\/label>\n\n                \t\t\t\t\t<\/div>\n\t\t\t\t\t\t\t\t\t\t\t<\/div>\r\n<\/div>\r\n<div data-field-wrapper=\"fld_5725940\" class=\"form-group\" id=\"fld_5725940_1-wrap\">\r\n\t<label id=\"fld_5725940Label\" for=\"fld_5725940_1\" class=\"control-label\">Incapacidade(s)<\/label>\r\n\t<div class=\"\">\r\n\t\t\t\t\t\t\t\t\t\t\t<div class=\"checkbox\">\n\t\t\t\t\n                <label                         for=\"fld_5725940_1_opt1789912\"\n                >\n                            <input\n                                                                type=\"checkbox\"\n                                data-label=\"Mental\"\n                                data-field=\"fld_5725940\"\n                                id=\"fld_5725940_1_opt1789912\"\n                                class=\"fld_5725940_1\"\n                                name=\"fld_5725940[opt1789912]\"\n                                value=\"Mental\"\n                                                                data-type=\"checkbox\"\n                                data-checkbox-field=\"fld_5725940_1\"\n                                                                data-calc-value=\"Mental\"\n                            >\n                    Mental                <\/label>\n\n                \t\t\t\t\t<\/div>\n\t\t\t\t\t\t\t\t\t\t\t\t\t\t\t\t\t<div class=\"checkbox\">\n\t\t\t\t\n                <label                         for=\"fld_5725940_1_opt1983536\"\n                >\n                            <input\n                                                                type=\"checkbox\"\n                                data-label=\"Visual\"\n                                data-field=\"fld_5725940\"\n                                id=\"fld_5725940_1_opt1983536\"\n                                class=\"fld_5725940_1\"\n                                name=\"fld_5725940[opt1983536]\"\n                                value=\"Visual\"\n                                                                data-type=\"checkbox\"\n                                data-checkbox-field=\"fld_5725940_1\"\n                                                                data-calc-value=\"Visual\"\n                            >\n                    Visual                <\/label>\n\n                \t\t\t\t\t<\/div>\n\t\t\t\t\t\t\t\t\t\t\t\t\t\t\t\t\t<div class=\"checkbox\">\n\t\t\t\t\n                <label                         for=\"fld_5725940_1_opt1421610\"\n                >\n                            <input\n                                                                type=\"checkbox\"\n                                data-label=\"Auditiva\"\n                                data-field=\"fld_5725940\"\n                                id=\"fld_5725940_1_opt1421610\"\n                                class=\"fld_5725940_1\"\n                                name=\"fld_5725940[opt1421610]\"\n                                value=\"Auditiva\"\n                                                                data-type=\"checkbox\"\n                                data-checkbox-field=\"fld_5725940_1\"\n                                                                data-calc-value=\"Auditiva\"\n                            >\n                    Auditiva                <\/label>\n\n                \t\t\t\t\t<\/div>\n\t\t\t\t\t\t\t\t\t\t\t\t\t\t\t\t\t<div class=\"checkbox\">\n\t\t\t\t\n                <label                         for=\"fld_5725940_1_opt1623503\"\n                >\n                            <input\n                                                                type=\"checkbox\"\n                                data-label=\"Motora\"\n                                data-field=\"fld_5725940\"\n                                id=\"fld_5725940_1_opt1623503\"\n                                class=\"fld_5725940_1\"\n                                name=\"fld_5725940[opt1623503]\"\n                                value=\"Motora\"\n                                                                data-type=\"checkbox\"\n                                data-checkbox-field=\"fld_5725940_1\"\n                                                                data-calc-value=\"Motora\"\n                            >\n                    Motora                <\/label>\n\n                \t\t\t\t\t<\/div>\n\t\t\t\t\t\t\t\t\t\t\t<\/div>\r\n<\/div>\r\n<div data-field-wrapper=\"fld_2751992\" class=\"form-group\" id=\"fld_2751992_1-wrap\">\r\n<label id=\"fld_2751992Label\" for=\"fld_2751992_1\" class=\"control-label\">\u00c9 portador de doen\u00e7a(s) cr\u00f3nica(s)?<\/label>\r\n<div class=\"\">\r\n\t\t\t\t<label class=\"radio-inline\" data-label=\"Sim\" for=\"fld_2751992_1_opt1592763\"><input type=\"radio\" id=\"fld_2751992_1_opt1592763\" data-field=\"fld_2751992\" class=\"fld_2751992_1\" name=\"fld_2751992\" value=\"Sim\"    data-radio-field=\"fld_2751992_1\" data-type=\"radio\" data-calc-value=\"Sim\" \/>\n\t\t\tSim\t\t<\/label>\n\t\t\t\t\t\t\t\t<label class=\"radio-inline\" data-label=\"N\u00e3o\" for=\"fld_2751992_1_opt1948151\"><input type=\"radio\" id=\"fld_2751992_1_opt1948151\" data-field=\"fld_2751992\" class=\"fld_2751992_1\" name=\"fld_2751992\" value=\"N\u00e3o\"    data-radio-field=\"fld_2751992_1\" data-type=\"radio\" data-calc-value=\"N\u00e3o\" \/>\n\t\t\tN\u00e3o\t\t<\/label>\n\t\t\t\t<\/div>\r\n<\/div>\r\n<div data-field-wrapper=\"fld_4562159\" class=\"form-group\" id=\"fld_4562159_1-wrap\">\r\n\t<label id=\"fld_4562159Label\" for=\"fld_4562159_1\" class=\"control-label\">Se Sim, indique qual\/quais.<\/label>\r\n\t<div class=\"\">\r\n\t\t<textarea name=\"fld_4562159\" value=\"\" data-field=\"fld_4562159\" class=\"form-control\" id=\"fld_4562159_1\" rows=\"4\"    aria-labelledby=\"fld_4562159Label\" ><\/textarea>\n\t\t\t<\/div>\r\n<\/div>\r\n<\/div><\/div><\/form>\r\n<\/div>\r\n\n<p>[\/vc_column][vc_column width=&#8221;1\/2&#8243;][\/vc_column][\/vc_row][vc_row][vc_column]<div class=\"ult-spacer spacer-69fb38d93b491\" data-id=\"69fb38d93b491\" data-height=\"45\" data-height-mobile=\"35\" data-height-tab=\"45\" data-height-tab-portrait=\"45\" data-height-mobile-landscape=\"35\" style=\"clear:both;display:block;\"><\/div>[vc_row_inner][vc_column_inner][\/vc_column_inner][\/vc_row_inner][\/vc_column][\/vc_row]<\/p>\n","protected":false},"excerpt":{"rendered":"<p>[vc_row][vc_column][\/vc_column][\/vc_row][vc_row][vc_column width=&#8221;1\/2&#8243;] [\/vc_column][vc_column width=&#8221;1\/2&#8243;][\/vc_column][\/vc_row][vc_row][vc_column][vc_row_inner][vc_column_inner][\/vc_column_inner][\/vc_row_inner][\/vc_column][\/vc_row]<\/p>\n","protected":false},"author":1,"featured_media":0,"parent":0,"menu_order":0,"comment_status":"closed","ping_status":"closed","template":"","meta":[],"_links":{"self":[{"href":"https:\/\/larssalvador.com\/bkp2\/wp-json\/wp\/v2\/pages\/7922"}],"collection":[{"href":"https:\/\/larssalvador.com\/bkp2\/wp-json\/wp\/v2\/pages"}],"about":[{"href":"https:\/\/larssalvador.com\/bkp2\/wp-json\/wp\/v2\/types\/page"}],"author":[{"embeddable":true,"href":"https:\/\/larssalvador.com\/bkp2\/wp-json\/wp\/v2\/users\/1"}],"replies":[{"embeddable":true,"href":"https:\/\/larssalvador.com\/bkp2\/wp-json\/wp\/v2\/comments?post=7922"}],"version-history":[{"count":6,"href":"https:\/\/larssalvador.com\/bkp2\/wp-json\/wp\/v2\/pages\/7922\/revisions"}],"predecessor-version":[{"id":8935,"href":"https:\/\/larssalvador.com\/bkp2\/wp-json\/wp\/v2\/pages\/7922\/revisions\/8935"}],"wp:attachment":[{"href":"https:\/\/larssalvador.com\/bkp2\/wp-json\/wp\/v2\/media?parent=7922"}],"curies":[{"name":"wp","href":"https:\/\/api.w.org\/{rel}","templated":true}]}}