{"id":8514,"date":"2017-07-31T06:52:56","date_gmt":"2017-07-31T06:52:56","guid":{"rendered":"https:\/\/larssalvador.com\/bkp2\/?page_id=8514"},"modified":"2020-10-08T19:29:13","modified_gmt":"2020-10-08T19:29:13","slug":"contact","status":"publish","type":"page","link":"https:\/\/larssalvador.com\/bkp2\/contact\/","title":{"rendered":"Servi\u00e7os"},"content":{"rendered":"<p>[vc_section][vc_row][vc_column][vc_column_text]<\/p>\n<h3 style=\"text-align: center;\">Um conjunto de servi\u00e7os de qualidade garantindo o bem-estar, o conforto, a tranquilidade<br \/>\ne a seguran\u00e7a que todos os residentes desfrutam.<\/h3>\n<p>&nbsp;[\/vc_column_text][\/vc_column][\/vc_row][\/vc_section][vc_row][vc_column width=&#8221;1\/3&#8243;][vc_hoverbox image=&#8221;8889&#8243; primary_title=&#8221;CUIDADOS M\u00c9DICOS E DE ENFERMAGEM&#8221; primary_title_font_container=&#8221;color:%23ffffff&#8221; primary_title_google_fonts=&#8221;font_family:Ubuntu%3A300%2C300italic%2Cregular%2Citalic%2C500%2C500italic%2C700%2C700italic|font_style:400%20regular%3A400%3Anormal&#8221; hover_title=&#8221;CUIDADOS M\u00c9DICOS E DE ENFERMAGEM&#8221; use_custom_fonts_primary_title=&#8221;true&#8221;]O gabinete m\u00e9dico encontra-se preparado para a execu\u00e7\u00e3o de atos m\u00e9dicos e de enfermagem, tais como, a execu\u00e7\u00e3o de pensos, limpeza de feridas, tratamento e preven\u00e7\u00e3o de escaras, administra\u00e7\u00e3o de injet\u00e1veis, controlo de peso, de colesterol, de temperatura, de sinais vitais e ainda, da realiza\u00e7\u00e3o de suturas, desinfe\u00e7\u00f5es, curativos e naturalmente consultas m\u00e9dicas, entre outros tratamentos n\u00e3o especificados.<\/p>\n<p>O gabinete m\u00e9dico conta com a interven\u00e7\u00e3o t\u00e9cnica de um m\u00e9dico de cl\u00ed\u00adnica geral e de uma enfermeira.[\/vc_hoverbox]<div class=\"ult-spacer spacer-69fb3906e38ec\" data-id=\"69fb3906e38ec\" data-height=\"10\" data-height-mobile=\"10\" data-height-tab=\"110\" data-height-tab-portrait=\"10\" data-height-mobile-landscape=\"10\" style=\"clear:both;display:block;\"><\/div>[vc_hoverbox image=&#8221;8909&#8243; primary_title=&#8221;DESINFE\u00c7\u00c3O E LIMPEZA DAS INSTALA\u00c7\u00d5ES&#8221; primary_title_font_container=&#8221;color:%23ffffff&#8221; primary_title_google_fonts=&#8221;font_family:Ubuntu%3A300%2C300italic%2Cregular%2Citalic%2C500%2C500italic%2C700%2C700italic|font_style:400%20regular%3A400%3Anormal&#8221; hover_title=&#8221;DESINFE\u00c7\u00c3O E LIMPEZA DAS INSTALA\u00c7\u00d5ES&#8221; use_custom_fonts_primary_title=&#8221;true&#8221;]Programa de limpeza e desinfe\u00e7\u00e3o de todas as instala\u00e7\u00f5es para assegurar que funciona em condi\u00e7\u00f5es de seguran\u00e7a, estabelecendo claramente os procedimentos, produtos a utilizar e doses, precau\u00e7\u00f5es a ter em conta e a periodicidade de cada actividade.[\/vc_hoverbox]<div class=\"ult-spacer spacer-69fb3906e390c\" data-id=\"69fb3906e390c\" data-height=\"10\" data-height-mobile=\"10\" data-height-tab=\"110\" data-height-tab-portrait=\"10\" data-height-mobile-landscape=\"10\" style=\"clear:both;display:block;\"><\/div>[vc_hoverbox image=&#8221;8911&#8243; primary_title=&#8221;ACOMPANHAMENTO AO EXTERIOR&#8221; primary_title_font_container=&#8221;color:%23ffffff&#8221; primary_title_google_fonts=&#8221;font_family:Ubuntu%3A300%2C300italic%2Cregular%2Citalic%2C500%2C500italic%2C700%2C700italic|font_style:400%20regular%3A400%3Anormal&#8221; hover_title=&#8221;ACOMPANHAMENTO AO EXTERIOR&#8221; use_custom_fonts_primary_title=&#8221;true&#8221;]Numa idade em que as dificuldades de gerir o pr\u00f3prio corpo s\u00e3o o principal obst\u00e1culo e numa \u00e9poca em que as fam\u00edlias nem sempre t\u00eam o tempo ou o conhecimento suficientes para dedicar aos seus familiares, um profissional qualificado torna-se indispens\u00e1vel.<\/p>\n<p>O acompanhamento de uma pessoa experiente e dedicada \u00e9 fundamental para proporcionar ao idoso condi\u00e7\u00f5es de vida que o valorizem durante este per\u00edodo.[\/vc_hoverbox]<div class=\"ult-spacer spacer-69fb3906e3921\" data-id=\"69fb3906e3921\" data-height=\"10\" data-height-mobile=\"10\" data-height-tab=\"110\" data-height-tab-portrait=\"10\" data-height-mobile-landscape=\"10\" style=\"clear:both;display:block;\"><\/div>[vc_hoverbox image=&#8221;8913&#8243; primary_title=&#8221;TRATAMENTO DE ROUPA PESSOAL E DE CAMAS&#8221; primary_title_font_container=&#8221;color:%23ffffff&#8221; primary_title_google_fonts=&#8221;font_family:Ubuntu%3A300%2C300italic%2Cregular%2Citalic%2C500%2C500italic%2C700%2C700italic|font_style:400%20regular%3A400%3Anormal&#8221; hover_title=&#8221;TRATAMENTO DE ROUPA PESSOAL E DE CAMAS&#8221; use_custom_fonts_primary_title=&#8221;true&#8221;]Este espa\u00e7o possui, distintamente, uma zona de sujos e uma zona de rouparia, que inclui a lavagem, a engomagem e o acondicionamento das roupas dos residentes.<\/p>\n<p>Disp\u00f5e ainda, de m\u00e1quina de costura pr\u00f3pria.[\/vc_hoverbox]<div class=\"ult-spacer spacer-69fb3906e3935\" data-id=\"69fb3906e3935\" data-height=\"10\" data-height-mobile=\"10\" data-height-tab=\"110\" data-height-tab-portrait=\"10\" data-height-mobile-landscape=\"10\" style=\"clear:both;display:block;\"><\/div>[vc_hoverbox image=&#8221;8915&#8243; primary_title=&#8221;VISITAS DE FUNDO SOCIAL E RECREATIVO&#8221; primary_title_font_container=&#8221;color:%23ffffff&#8221; primary_title_google_fonts=&#8221;font_family:Ubuntu%3A300%2C300italic%2Cregular%2Citalic%2C500%2C500italic%2C700%2C700italic|font_style:400%20regular%3A400%3Anormal&#8221; hover_title=&#8221;VISITAS DE FUNDO SOCIAL E RECREATIVO&#8221; use_custom_fonts_primary_title=&#8221;true&#8221;]Os utentes podem usufruir de diversas actividades, que fomentam a participa\u00e7\u00e3o em v\u00e1rias tarefas e iniciativas e permitem faz\u00ea-los sentir-se integrados na comunidade, devidamente acompanhadas por uma animadora S\u00f3cio-Cultural.[\/vc_hoverbox][\/vc_column][vc_column width=&#8221;1\/3&#8243;][vc_hoverbox image=&#8221;8906&#8243; primary_title=&#8221;FISIOTERAPIA E REABILITA\u00c7\u00c3O&#8221; primary_title_font_container=&#8221;color:%23ffffff&#8221; primary_title_google_fonts=&#8221;font_family:Ubuntu%3A300%2C300italic%2Cregular%2Citalic%2C500%2C500italic%2C700%2C700italic|font_style:400%20regular%3A400%3Anormal&#8221; hover_title=&#8221;FISIOTERAPIA E REABILITA\u00c7\u00c3O&#8221; use_custom_fonts_primary_title=&#8221;true&#8221;]\u00c0 parte essencial do sistema de sa\u00fade, assumindo um papel muito importante na r\u00e1pida recupera\u00e7\u00e3o de um utente ap\u00f3s les\u00e3o, acidente ou de uma s\u00fabita instala\u00e7\u00e3o de dor. Actua tamb\u00e9m ao n\u00edvel da promo\u00e7\u00e3o da sa\u00fade e bem-estar e na preven\u00e7\u00e3o de doen\u00e7a e incapacidade.[\/vc_hoverbox]<div class=\"ult-spacer spacer-69fb3906e3947\" data-id=\"69fb3906e3947\" data-height=\"10\" data-height-mobile=\"10\" data-height-tab=\"110\" data-height-tab-portrait=\"10\" data-height-mobile-landscape=\"10\" style=\"clear:both;display:block;\"><\/div>[vc_hoverbox image=&#8221;8908&#8243; primary_title=&#8221;CUIDADOS GERI\u00c1TRICOS E DE HIGIENE&#8221; primary_title_font_container=&#8221;color:%23ffffff&#8221; primary_title_google_fonts=&#8221;font_family:Ubuntu%3A300%2C300italic%2Cregular%2Citalic%2C500%2C500italic%2C700%2C700italic|font_style:400%20regular%3A400%3Anormal&#8221; hover_title=&#8221;CUIDADOS GERI\u00c1TRICOS E DE HIGIENE&#8221; use_custom_fonts_primary_title=&#8221;true&#8221;]Prestamos cuidados de higiene e conforto, apoio na alimenta\u00e7\u00e3o e na mobilidade. Vigiamos a toma de medicamentos e administramos os mesmos, de acordo com a prescri\u00e7\u00e3o do m\u00e9dico.<\/p>\n<p>Acompanhamento de pessoas idosas, em situa\u00e7\u00f5es de fragilidade ou de alguma depend\u00eancia nas actividades de vida di\u00e1ria.[\/vc_hoverbox]<div class=\"ult-spacer spacer-69fb3906e3957\" data-id=\"69fb3906e3957\" data-height=\"10\" data-height-mobile=\"10\" data-height-tab=\"110\" data-height-tab-portrait=\"10\" data-height-mobile-landscape=\"10\" style=\"clear:both;display:block;\"><\/div>[vc_hoverbox image=&#8221;8910&#8243; primary_title=&#8221;CUIDADOS DE ALIMENTA\u00c7\u00c3O E NUTRI\u00c7\u00c3O&#8221; primary_title_font_container=&#8221;color:%23ffffff&#8221; primary_title_google_fonts=&#8221;font_family:Ubuntu%3A300%2C300italic%2Cregular%2Citalic%2C500%2C500italic%2C700%2C700italic|font_style:400%20regular%3A400%3Anormal&#8221; hover_title=&#8221;CUIDADOS DE ALIMENTA\u00c7\u00c3O E NUTRI\u00c7\u00c3O&#8221; use_custom_fonts_primary_title=&#8221;true&#8221;]O Lar S. Salvador possui cozinha pr\u00f3pria e conta com o apoio de um t\u00e9cnico de cozinha, com forma\u00e7\u00e3o especializada em culin\u00e1ria e pastelaria.<\/p>\n<p>O sistema de HACCP encontra-se em implementa\u00e7\u00e3o.[\/vc_hoverbox]<div class=\"ult-spacer spacer-69fb3906e3966\" data-id=\"69fb3906e3966\" data-height=\"10\" data-height-mobile=\"10\" data-height-tab=\"110\" data-height-tab-portrait=\"10\" data-height-mobile-landscape=\"10\" style=\"clear:both;display:block;\"><\/div>[vc_hoverbox image=&#8221;8912&#8243; primary_title=&#8221;GEST\u00c3O DA TERAP\u00caUTICA MEDICAMENTOSA&#8221; primary_title_font_container=&#8221;color:%23ffffff&#8221; primary_title_google_fonts=&#8221;font_family:Ubuntu%3A300%2C300italic%2Cregular%2Citalic%2C500%2C500italic%2C700%2C700italic|font_style:400%20regular%3A400%3Anormal&#8221; hover_title=&#8221;GEST\u00c3O DA TERAP\u00caUTICA MEDICAMENTOSA&#8221; use_custom_fonts_primary_title=&#8221;true&#8221;]Melhorar a assist\u00eancia \u00e0 sa\u00fade e o cuidado ao paciente, satisfazendo suas necessidades e melhorando sua qualidade de vida.[\/vc_hoverbox]<div class=\"ult-spacer spacer-69fb3906e3976\" data-id=\"69fb3906e3976\" data-height=\"10\" data-height-mobile=\"10\" data-height-tab=\"110\" data-height-tab-portrait=\"10\" data-height-mobile-landscape=\"10\" style=\"clear:both;display:block;\"><\/div>[vc_hoverbox image=&#8221;8914&#8243; primary_title=&#8221;ANIMA\u00c7\u00c3O SOCIAL E CULTURAL&#8221; primary_title_font_container=&#8221;color:%23ffffff&#8221; primary_title_google_fonts=&#8221;font_family:Ubuntu%3A300%2C300italic%2Cregular%2Citalic%2C500%2C500italic%2C700%2C700italic|font_style:400%20regular%3A400%3Anormal&#8221; hover_title=&#8221;ANIMA\u00c7\u00c3O SOCIAL E CULTURAL&#8221; use_custom_fonts_primary_title=&#8221;true&#8221;]Este espa\u00e7o disp\u00f5e de uma profissional afeta \u00e0 \u00e1rea de Educa\u00e7\u00e3o Social, em dias \u00fateis, entre as 09h00 e as 17h00 e encontra-se preparado para a realiza\u00e7\u00e3o de atividades de ocupa\u00e7\u00e3o de tempos livres, na sua vertente l\u00fadica, art\u00ed\u00adstica, desportiva, cultural, musicoterap\u00eautica, psicossocial e de jardinagem.[\/vc_hoverbox][\/vc_column][vc_column width=&#8221;1\/3&#8243;][vc_hoverbox image=&#8221;8907&#8243; primary_title=&#8221;TERAPIA SNOEZELEN&#8221; primary_title_font_container=&#8221;color:%23ffffff&#8221; primary_title_google_fonts=&#8221;font_family:Ubuntu%3A300%2C300italic%2Cregular%2Citalic%2C500%2C500italic%2C700%2C700italic|font_style:400%20regular%3A400%3Anormal&#8221; hover_title=&#8221;TERAPIA SNOEZELEN&#8221; use_custom_fonts_primary_title=&#8221;true&#8221;]A sala de Snoezelen \u00e9 uma sala com fins multissensoriais, cujos objetivos balizam a estimula\u00e7\u00e3o sensorial e\/ou a diminui\u00e7\u00e3o dos n\u00edveis de ansiedade e de tens\u00e3o atrav\u00e9s do relaxamento.<br \/>\nOs sentidos conduzidos s\u00e3o est\u00ed\u00admulos prim\u00e1rios que podem ser visuais, auditivos, olfativos, gustativos e t\u00e1teis. Esta sala combina a m\u00fasica, os efeitos luminosos, as vibra\u00e7\u00f5es suaves, as sensa\u00e7\u00f5es t\u00e1teis com o uso de cheiros e de aromas. As experi\u00eancias sensoriais decorrem num ambiente controlado j\u00e1 que, o idoso tem ritmos de re\/descoberta e de re\/aprendizagem diferenciados.<\/p>\n<p>Esta t\u00e9cnica surgiu h\u00e1 algumas d\u00e9cadas e pela primeira vez nos Pa\u00edses Baixos. Inicialmente foi implementada com jovens autistas e\/ou portadores de outras incapacidades mentais. Mais recentemente tem sido aplicada em idosos demenciados e\/ou em idosos portadores de doen\u00e7as do foro neurol\u00f3gico e locomotor, cujos resultados t\u00eam sido francamente positivos.<\/p>\n<p>Normalmente, s\u00e3o os terapeutas ocupacionais e\/ou os fisioterapeutas a orientar esta t\u00e9cnica, sendo que, a avalia\u00e7\u00e3o por parte uma equipa transdisciplinar composta por um m\u00e9dico, enfermeiro, animador social, psic\u00f3logo cl\u00ednico, fisioterapeuta\/terapeuta ocupacional, assistente social e um geront\u00f3logo, constitui-se como perent\u00f3ria para a materializa\u00e7\u00e3o de resultados.<br \/>\nA nossa sala de Snoezelen \u00e9 dirigida pela nossa t\u00e9cnica de fisioterapia e de reabilita\u00e7\u00e3o.<\/p>\n<p><strong>Os objetivos gerais da sala de Snoezelen:<\/strong><br \/>\n\u2022 Promover o relaxamento, o lazer, a divers\u00e3o e as emo\u00e7\u00f5es positivas<br \/>\n\u2022 Estimular os sentidos: tato, olfato, vis\u00e3o, audi\u00e7\u00e3o e degusta\u00e7\u00e3o<br \/>\n\u2022 Promover a explora\u00e7\u00e3o, a descoberta, o desenvolvimento pessoal e social e acima de tudo, permitir ao idoso o controlo do ambiente, em que, se encontra inserido<br \/>\n\u2022 Incentivar a motiva\u00e7\u00e3o e o processo re\/aprendizagem<br \/>\n\u2022 Combater e mitigar a espasticidade<br \/>\n\u2022 Melhorar a acuidade visual, t\u00e1til e auditiva, normalmente afetadas pelo processo de envelhecimento humano<br \/>\n\u2022 Controlar medos e fobias pessoais<br \/>\n\u2022 Facilitar o sono e o repouso<br \/>\n\u2022 Facilitar o processo digestivo e intestinal<br \/>\n\u2022 Facilitar a circula\u00e7\u00e3o sangu\u00ednea<br \/>\n\u2022 Facilitar a liberta\u00e7\u00e3o de <em>stress<\/em>, de ansiedade e de tens\u00e3o<br \/>\n\u2022 Contribuir ativamente para a qualidade de vida da pessoa idosa demenciada[\/vc_hoverbox]<div class=\"ult-spacer spacer-69fb3906e3982\" data-id=\"69fb3906e3982\" data-height=\"10\" data-height-mobile=\"10\" data-height-tab=\"110\" data-height-tab-portrait=\"10\" data-height-mobile-landscape=\"10\" style=\"clear:both;display:block;\"><\/div>[vc_hoverbox image=&#8221;8916&#8243; primary_title=&#8221;APOIO PSICOSSOCIAL&#8221; primary_title_font_container=&#8221;color:%23ffffff&#8221; primary_title_google_fonts=&#8221;font_family:Ubuntu%3A300%2C300italic%2Cregular%2Citalic%2C500%2C500italic%2C700%2C700italic|font_style:400%20regular%3A400%3Anormal&#8221; hover_title=&#8221;APOIO PSICOSSOCIAL&#8221; use_custom_fonts_primary_title=&#8221;true&#8221;]O servi\u00e7o psicossocial \u00e9 um apoio complementar que visa sobretudo gerir o bem-estar e qualidade de vida dos seus clientes.<\/p>\n<p>Desenvolvemos medidas de promo\u00e7\u00e3o da sa\u00fade e preven\u00e7\u00e3o da doen\u00e7a no sentido de manter informados todos os nossos clientes.[\/vc_hoverbox][\/vc_column][\/vc_row][vc_section][\/vc_section][vc_row][vc_column][vc_images_carousel images=&#8221;8926,8925,8924,8923,8922,8921,8920,8919,8918,8917&#8243; img_size=&#8221;1024&#215;200&#8243; onclick=&#8221;link_no&#8221; slides_per_view=&#8221;5&#8243; autoplay=&#8221;yes&#8221; hide_pagination_control=&#8221;yes&#8221; hide_prev_next_buttons=&#8221;yes&#8221; wrap=&#8221;yes&#8221;]<div class=\"ult-spacer spacer-69fb3906e398c\" data-id=\"69fb3906e398c\" data-height=\"\" data-height-mobile=\"\" data-height-tab=\"\" data-height-tab-portrait=\"\" data-height-mobile-landscape=\"\" style=\"clear:both;display:block;\"><\/div>[\/vc_column][\/vc_row]<\/p>\n","protected":false},"excerpt":{"rendered":"<p>[vc_section][vc_row][vc_column][vc_column_text] Um conjunto de servi\u00e7os de qualidade garantindo o bem-estar, o conforto, a tranquilidade e a seguran\u00e7a que todos os residentes desfrutam. &nbsp;[\/vc_column_text][\/vc_column][\/vc_row][\/vc_section][vc_row][vc_column width=&#8221;1\/3&#8243;][vc_hoverbox image=&#8221;8889&#8243; primary_title=&#8221;CUIDADOS M\u00c9DICOS E DE ENFERMAGEM&#8221; primary_title_font_container=&#8221;color:%23ffffff&#8221; primary_title_google_fonts=&#8221;font_family:Ubuntu%3A300%2C300italic%2Cregular%2Citalic%2C500%2C500italic%2C700%2C700italic|font_style:400%20regular%3A400%3Anormal&#8221; hover_title=&#8221;CUIDADOS M\u00c9DICOS E DE ENFERMAGEM&#8221; use_custom_fonts_primary_title=&#8221;true&#8221;]O gabinete m\u00e9dico encontra-se preparado para a execu\u00e7\u00e3o de atos m\u00e9dicos e de enfermagem, tais como, a execu\u00e7\u00e3o [&hellip;]<\/p>\n","protected":false},"author":1,"featured_media":0,"parent":0,"menu_order":0,"comment_status":"closed","ping_status":"closed","template":"","meta":[],"_links":{"self":[{"href":"https:\/\/larssalvador.com\/bkp2\/wp-json\/wp\/v2\/pages\/8514"}],"collection":[{"href":"https:\/\/larssalvador.com\/bkp2\/wp-json\/wp\/v2\/pages"}],"about":[{"href":"https:\/\/larssalvador.com\/bkp2\/wp-json\/wp\/v2\/types\/page"}],"author":[{"embeddable":true,"href":"https:\/\/larssalvador.com\/bkp2\/wp-json\/wp\/v2\/users\/1"}],"replies":[{"embeddable":true,"href":"https:\/\/larssalvador.com\/bkp2\/wp-json\/wp\/v2\/comments?post=8514"}],"version-history":[{"count":4,"href":"https:\/\/larssalvador.com\/bkp2\/wp-json\/wp\/v2\/pages\/8514\/revisions"}],"predecessor-version":[{"id":8927,"href":"https:\/\/larssalvador.com\/bkp2\/wp-json\/wp\/v2\/pages\/8514\/revisions\/8927"}],"wp:attachment":[{"href":"https:\/\/larssalvador.com\/bkp2\/wp-json\/wp\/v2\/media?parent=8514"}],"curies":[{"name":"wp","href":"https:\/\/api.w.org\/{rel}","templated":true}]}}