{"id":4547,"date":"2015-06-29T08:48:23","date_gmt":"2015-06-29T08:48:23","guid":{"rendered":"http:\/\/wedesignthemes.com\/themes\/testdata\/?page_id=4547"},"modified":"2020-10-09T14:49:30","modified_gmt":"2020-10-09T14:49:30","slug":"contact-info","status":"publish","type":"page","link":"https:\/\/larssalvador.com\/lsss\/contact-info\/","title":{"rendered":"Contactos"},"content":{"rendered":"<p>[vc_row][vc_column width=&#8221;1\/3&#8243;]<div class='dt-sc-small-separator '><\/div><h5>CONTACTOS<\/h5><div class='dt-sc-contact-info  '><span class='pe-icon pe-call'> <\/span><strong>Geral:<\/strong> +351 253 320 151<br><strong>Dire\u00e7\u00e3o T\u00e9cnica:<\/strong> +351 926 727 290<br><strong>Ger\u00eancia:<\/strong> +351 926 727 216<\/div><div class='dt-sc-hr-invisible-xsmall '> <\/div><div class='dt-sc-single-line-dashed-separator '><\/div><div class='dt-sc-contact-info  '><span class='pe-icon pe-mail'> <\/span><a title=\"\" href=\"#\"> geral@larssalvador.com\u00a0<\/a><\/div><div class='dt-sc-single-line-dashed-separator '><\/div><div class='dt-sc-contact-info  '><span class='pe-icon pe-map-marker'> <\/span>Rua S\u00e3o Salvador, n\u00ba 10 <br><\/p>\n<p>4730 &#8211; 062 Vila Verde e Barbudo <br><\/p>\n<p>Portugal<\/p>\n<div id=\"gtx-trans\" style=\"position: absolute; left: -59px; top: -17px;\">\n<div class=\"gtx-trans-icon\"><\/div>\n<\/div><\/div><div class='dt-sc-single-line-dashed-separator '><\/div><div class='dt-sc-contact-info  '><span class='fa fa-facebook-official'> <\/span>Lar S. Salvador VVD<\/p>\n<div id=\"gtx-trans\" style=\"position: absolute; left: -77px; top: -17px;\">\n<div class=\"gtx-trans-icon\"><\/div>\n<\/div><\/div><div class='dt-sc-single-line-dashed-separator '><\/div>[\/vc_column][vc_column width=&#8221;1\/3&#8243;]<div class=\"ult-spacer spacer-69fa085af1bca\" data-id=\"69fa085af1bca\" data-height=\"10\" data-height-mobile=\"30\" data-height-tab=\"\" data-height-tab-portrait=\"\" data-height-mobile-landscape=\"30\" style=\"clear:both;display:block;\"><\/div>[vc_gmaps link=&#8221;#E-8_JTNDaWZyYW1lJTIwc3JjJTNEJTIyaHR0cHMlM0ElMkYlMkZ3d3cuZ29vZ2xlLmNvbSUyRm1hcHMlMkZlbWJlZCUzRnBiJTNEJTIxMW0xOCUyMTFtMTIlMjExbTMlMjExZDc5NS43NjU1MDA5MzQ2ODc1JTIxMmQtOC40NDUzODU2NDg1MzgzNjIlMjEzZDQxLjY1MTIxOTg2MjE1MTg3NiUyMTJtMyUyMTFmMCUyMTJmMCUyMTNmMCUyMTNtMiUyMTFpMTAyNCUyMTJpNzY4JTIxNGYxMy4xJTIxM20zJTIxMW0yJTIxMXMweGQyNTAwZmJmNjVmMWNiZCUyNTNBMHg5MGExZDFjOWUwZDliNTZmJTIxMnNMYXIlMjUyMFMuJTI1MjBTYWx2YWRvciUyMTVlMSUyMTNtMiUyMTFzcHQtUFQlMjEyc3B0JTIxNHYxNjAyMjU0OTI0MzMzJTIxNW0yJTIxMXNwdC1QVCUyMTJzcHQlMjIlMjB3aWR0aCUzRCUyMjYwMCUyMiUyMGhlaWdodCUzRCUyMjQ1MCUyMiUyMGZyYW1lYm9yZGVyJTNEJTIyMCUyMiUyMHN0eWxlJTNEJTIyYm9yZGVyJTNBMCUzQiUyMiUyMGFsbG93ZnVsbHNjcmVlbiUzRCUyMiUyMiUyMGFyaWEtaGlkZGVuJTNEJTIyZmFsc2UlMjIlMjB0YWJpbmRleCUzRCUyMjAlMjIlM0UlM0MlMkZpZnJhbWUlM0U=&#8221;][\/vc_column][vc_column width=&#8221;1\/3&#8243;]<div role=\"form\" class=\"wpcf7\" id=\"wpcf7-f8883-o1\" lang=\"en-US\" dir=\"ltr\">\n<div class=\"screen-reader-response\" role=\"alert\" aria-live=\"polite\"><\/div>\n<form action=\"\/lsss\/wp-json\/wp\/v2\/pages\/4547#wpcf7-f8883-o1\" method=\"post\" class=\"wpcf7-form init\" novalidate=\"novalidate\">\n<div style=\"display: none;\">\n<input type=\"hidden\" name=\"_wpcf7\" value=\"8883\" \/>\n<input type=\"hidden\" name=\"_wpcf7_version\" value=\"5.2.2\" \/>\n<input type=\"hidden\" name=\"_wpcf7_locale\" value=\"en_US\" \/>\n<input type=\"hidden\" name=\"_wpcf7_unit_tag\" value=\"wpcf7-f8883-o1\" \/>\n<input type=\"hidden\" name=\"_wpcf7_container_post\" value=\"0\" \/>\n<input type=\"hidden\" name=\"_wpcf7_posted_data_hash\" value=\"\" \/>\n<\/div>\n<p>[vc_row][vc_column width=\"1\/2\"]<span class=\"wpcf7-form-control-wrap text-538\"><input type=\"text\" name=\"text-538\" value=\"\" size=\"40\" class=\"wpcf7-form-control wpcf7-text wpcf7-validates-as-required\" aria-required=\"true\" aria-invalid=\"false\" placeholder=\"Nome\" \/><\/span>[\/vc_column][vc_column width=\"1\/2\"]<span class=\"wpcf7-form-control-wrap text-538\"><input type=\"text\" name=\"text-538\" value=\"\" size=\"40\" class=\"wpcf7-form-control wpcf7-text wpcf7-validates-as-required\" aria-required=\"true\" aria-invalid=\"false\" placeholder=\"Apelido\" \/><\/span>[\/vc_column][vc_empty_space height=\"30px\"]<div class='dt-sc-clear '> <\/div>[vc_column width=\"1\/2\"]<span class=\"wpcf7-form-control-wrap email-259\"><input type=\"email\" name=\"email-259\" value=\"\" size=\"40\" class=\"wpcf7-form-control wpcf7-text wpcf7-email wpcf7-validates-as-required wpcf7-validates-as-email\" aria-required=\"true\" aria-invalid=\"false\" placeholder=\"Email\" \/><\/span>[\/vc_column][vc_column\" width=\"1\/2\"]<span class=\"wpcf7-form-control-wrap tel-828\"><input type=\"tel\" name=\"tel-828\" value=\"\" size=\"40\" class=\"wpcf7-form-control wpcf7-text wpcf7-tel wpcf7-validates-as-tel\" aria-invalid=\"false\" placeholder=\"Telefone\/Telem\u00f3vel\" \/><\/span>[\/vc_column][vc_empty_space height=\"30px\"]<div class='dt-sc-clear '> <\/div>[vc_column]<span class=\"wpcf7-form-control-wrap textarea-657\"><textarea name=\"textarea-657\" cols=\"40\" rows=\"10\" class=\"wpcf7-form-control wpcf7-textarea\" aria-invalid=\"false\" placeholder=\"Mensagem\"><\/textarea><\/span>[vc_empty_space height=\"30px\"][vc_empty_space width=\"300px\"]<input type=\"submit\" value=\"Enviar mensagem\" class=\"wpcf7-form-control wpcf7-submit\" \/>[\/vc_column][\/vc_row]<\/p>\n<div class=\"wpcf7-response-output\" role=\"alert\" aria-hidden=\"true\"><\/div><\/form><\/div>[\/vc_column][\/vc_row][vc_row][vc_column][vc_empty_space][\/vc_column][\/vc_row]<\/p>\n","protected":false},"excerpt":{"rendered":"<p>[vc_row][vc_column width=&#8221;1\/3&#8243;][\/vc_column][vc_column width=&#8221;1\/3&#8243;][vc_gmaps link=&#8221;#E-8_JTNDaWZyYW1lJTIwc3JjJTNEJTIyaHR0cHMlM0ElMkYlMkZ3d3cuZ29vZ2xlLmNvbSUyRm1hcHMlMkZlbWJlZCUzRnBiJTNEJTIxMW0xOCUyMTFtMTIlMjExbTMlMjExZDc5NS43NjU1MDA5MzQ2ODc1JTIxMmQtOC40NDUzODU2NDg1MzgzNjIlMjEzZDQxLjY1MTIxOTg2MjE1MTg3NiUyMTJtMyUyMTFmMCUyMTJmMCUyMTNmMCUyMTNtMiUyMTFpMTAyNCUyMTJpNzY4JTIxNGYxMy4xJTIxM20zJTIxMW0yJTIxMXMweGQyNTAwZmJmNjVmMWNiZCUyNTNBMHg5MGExZDFjOWUwZDliNTZmJTIxMnNMYXIlMjUyMFMuJTI1MjBTYWx2YWRvciUyMTVlMSUyMTNtMiUyMTFzcHQtUFQlMjEyc3B0JTIxNHYxNjAyMjU0OTI0MzMzJTIxNW0yJTIxMXNwdC1QVCUyMTJzcHQlMjIlMjB3aWR0aCUzRCUyMjYwMCUyMiUyMGhlaWdodCUzRCUyMjQ1MCUyMiUyMGZyYW1lYm9yZGVyJTNEJTIyMCUyMiUyMHN0eWxlJTNEJTIyYm9yZGVyJTNBMCUzQiUyMiUyMGFsbG93ZnVsbHNjcmVlbiUzRCUyMiUyMiUyMGFyaWEtaGlkZGVuJTNEJTIyZmFsc2UlMjIlMjB0YWJpbmRleCUzRCUyMjAlMjIlM0UlM0MlMkZpZnJhbWUlM0U=&#8221;][\/vc_column][vc_column width=&#8221;1\/3&#8243;][\/vc_column][\/vc_row][vc_row][vc_column][vc_empty_space][\/vc_column][\/vc_row]<\/p>\n","protected":false},"author":1,"featured_media":0,"parent":0,"menu_order":0,"comment_status":"open","ping_status":"closed","template":"","meta":[],"_links":{"self":[{"href":"https:\/\/larssalvador.com\/lsss\/wp-json\/wp\/v2\/pages\/4547"}],"collection":[{"href":"https:\/\/larssalvador.com\/lsss\/wp-json\/wp\/v2\/pages"}],"about":[{"href":"https:\/\/larssalvador.com\/lsss\/wp-json\/wp\/v2\/types\/page"}],"author":[{"embeddable":true,"href":"https:\/\/larssalvador.com\/lsss\/wp-json\/wp\/v2\/users\/1"}],"replies":[{"embeddable":true,"href":"https:\/\/larssalvador.com\/lsss\/wp-json\/wp\/v2\/comments?post=4547"}],"version-history":[{"count":12,"href":"https:\/\/larssalvador.com\/lsss\/wp-json\/wp\/v2\/pages\/4547\/revisions"}],"predecessor-version":[{"id":9017,"href":"https:\/\/larssalvador.com\/lsss\/wp-json\/wp\/v2\/pages\/4547\/revisions\/9017"}],"wp:attachment":[{"href":"https:\/\/larssalvador.com\/lsss\/wp-json\/wp\/v2\/media?parent=4547"}],"curies":[{"name":"wp","href":"https:\/\/api.w.org\/{rel}","templated":true}]}}